{"id":1359,"date":"2014-05-13T16:42:57","date_gmt":"2014-05-13T14:42:57","guid":{"rendered":"http:\/\/vdala.fantasmo.se\/v-dalakorens-seniorforening\/"},"modified":"2014-06-10T13:50:01","modified_gmt":"2014-06-10T11:50:01","slug":"v-dalakorens-seniorforening","status":"publish","type":"page","link":"https:\/\/v-dala.se\/en\/membership\/aldre-lansman-v-dala-vanner\/v-dalakorens-seniorforening\/","title":{"rendered":"The V-Dala Choir&#8217;s Senior Members"},"content":{"rendered":"<p style=\"color: #4f4f4f;\">The V-Dala Choir&#8217;s Senior Members is an association for past members of the Nation&#8217;s Choir.\u00a0\u00a0The idea is primarily for this to be a place for past members to meet, but we will also support the active choir.<\/p>\n<p style=\"color: #4f4f4f;\">The Senior Members host a Returnee party, which usually takes place on the first weekend of October.It is a real trip down memory lane where we sing our hearts out! We also distribute a stipend yearly to an especially active and deserving member of the choir. Apart from this, we also have a registry for invitations to different choir jubilees.<\/p>\n<p style=\"color: #4f4f4f;\">Membership fee for all applicants is 50 SEK\/annum, which is the basis for the stipend fund. Normally, the membership fee is part of the &#8220;cover charge&#8221; at the Autumn feast. If you are interested in joining, going to the Autumn feast or for further information, contact our chairperson David Haglund or our registrar, Dan Englund.<\/p>\n<p style=\"color: #4f4f4f;\">Welcome!<\/p>\n","protected":false},"excerpt":{"rendered":"The V-Dala Choir&#8217;s Senior Members is an association for past members of the Nation&#8217;s Choir.\u00a0\u00a0The idea is primarily for this to be a place for past members to meet, but we will also support the active choir. The Senior Members host a Returnee party, which usually takes place on the first weekend of October.It is&#8230;","protected":false},"author":7,"featured_media":0,"parent":1214,"menu_order":0,"comment_status":"open","ping_status":"open","template":"","meta":{"footnotes":""},"acf":[],"yoast_head":"<!-- This site is optimized with the Yoast SEO plugin v21.4 - https:\/\/yoast.com\/wordpress\/plugins\/seo\/ -->\n<title>The V-Dala Choir&#039;s Senior Members - V-Dala nation<\/title>\n<meta name=\"description\" content=\"V-Dalak\u00f6rens seniorf\u00f6rening \u00e4r en f\u00f6rening f\u00f6r f\u00f6re detta k\u00f6rmedlemmar. Id\u00e9n med f\u00f6reningen \u00e4r i f\u00f6rsta hand att fungera som ett forum d\u00e4r gamla k\u00f6rare f\u00e5r tr\u00e4ffas men vi fungerar \u00e4ven som ett st\u00f6d f\u00f6r den aktiva k\u00f6ren. Varje \u00e5r arrangerar seniorf\u00f6reningen en \u00e5terv\u00e4ndarfest p\u00e5 V-Dala, som brukar \u00e4ga rum den f\u00f6rsta helgen i oktober.\" \/>\n<meta name=\"robots\" content=\"index, follow, max-snippet:-1, max-image-preview:large, max-video-preview:-1\" \/>\n<link rel=\"canonical\" href=\"https:\/\/v-dala.se\/en\/membership\/aldre-lansman-v-dala-vanner\/v-dalakorens-seniorforening\/\" \/>\n<meta property=\"og:locale\" content=\"en_US\" \/>\n<meta property=\"og:type\" content=\"article\" \/>\n<meta property=\"og:title\" content=\"The V-Dala Choir&#039;s Senior Members - V-Dala nation\" \/>\n<meta property=\"og:description\" content=\"V-Dalak\u00f6rens seniorf\u00f6rening \u00e4r en f\u00f6rening f\u00f6r f\u00f6re detta k\u00f6rmedlemmar. Id\u00e9n med f\u00f6reningen \u00e4r i f\u00f6rsta hand att fungera som ett forum d\u00e4r gamla k\u00f6rare f\u00e5r tr\u00e4ffas men vi fungerar \u00e4ven som ett st\u00f6d f\u00f6r den aktiva k\u00f6ren. Varje \u00e5r arrangerar seniorf\u00f6reningen en \u00e5terv\u00e4ndarfest p\u00e5 V-Dala, som brukar \u00e4ga rum den f\u00f6rsta helgen i oktober.\" \/>\n<meta property=\"og:url\" content=\"https:\/\/v-dala.se\/en\/membership\/aldre-lansman-v-dala-vanner\/v-dalakorens-seniorforening\/\" \/>\n<meta property=\"og:site_name\" content=\"V-Dala nation\" \/>\n<meta property=\"article:modified_time\" content=\"2014-06-10T11:50:01+00:00\" \/>\n<meta name=\"twitter:card\" content=\"summary_large_image\" \/>\n<meta name=\"twitter:label1\" content=\"Est. reading time\" \/>\n\t<meta name=\"twitter:data1\" content=\"1 minute\" \/>\n<script type=\"application\/ld+json\" class=\"yoast-schema-graph\">{\"@context\":\"https:\/\/schema.org\",\"@graph\":[{\"@type\":\"WebPage\",\"@id\":\"https:\/\/v-dala.se\/en\/membership\/aldre-lansman-v-dala-vanner\/v-dalakorens-seniorforening\/\",\"url\":\"https:\/\/v-dala.se\/en\/membership\/aldre-lansman-v-dala-vanner\/v-dalakorens-seniorforening\/\",\"name\":\"The V-Dala Choir's Senior Members - V-Dala nation\",\"isPartOf\":{\"@id\":\"https:\/\/www.v-dala.se.hemsida.eu\/en\/#website\"},\"datePublished\":\"2014-05-13T14:42:57+00:00\",\"dateModified\":\"2014-06-10T11:50:01+00:00\",\"description\":\"V-Dalak\u00f6rens seniorf\u00f6rening \u00e4r en f\u00f6rening f\u00f6r f\u00f6re detta k\u00f6rmedlemmar. Id\u00e9n med f\u00f6reningen \u00e4r i f\u00f6rsta hand att fungera som ett forum d\u00e4r gamla k\u00f6rare f\u00e5r tr\u00e4ffas men vi fungerar \u00e4ven som ett st\u00f6d f\u00f6r den aktiva k\u00f6ren. Varje \u00e5r arrangerar seniorf\u00f6reningen en \u00e5terv\u00e4ndarfest p\u00e5 V-Dala, som brukar \u00e4ga rum den f\u00f6rsta helgen i oktober.\",\"breadcrumb\":{\"@id\":\"https:\/\/v-dala.se\/en\/membership\/aldre-lansman-v-dala-vanner\/v-dalakorens-seniorforening\/#breadcrumb\"},\"inLanguage\":\"en-US\",\"potentialAction\":[{\"@type\":\"ReadAction\",\"target\":[\"https:\/\/v-dala.se\/en\/membership\/aldre-lansman-v-dala-vanner\/v-dalakorens-seniorforening\/\"]}]},{\"@type\":\"BreadcrumbList\",\"@id\":\"https:\/\/v-dala.se\/en\/membership\/aldre-lansman-v-dala-vanner\/v-dalakorens-seniorforening\/#breadcrumb\",\"itemListElement\":[{\"@type\":\"ListItem\",\"position\":1,\"name\":\"Hem\",\"item\":\"https:\/\/www.v-dala.se.hemsida.eu\/en\/\"},{\"@type\":\"ListItem\",\"position\":2,\"name\":\"Membership\",\"item\":\"https:\/\/www.v-dala.se.hemsida.eu\/en\/membership\/\"},{\"@type\":\"ListItem\",\"position\":3,\"name\":\"Alumnus &#8211; V-Dala v\u00e4nner\",\"item\":\"https:\/\/v-dala.se\/en\/membership\/aldre-lansman-v-dala-vanner\/\"},{\"@type\":\"ListItem\",\"position\":4,\"name\":\"The V-Dala Choir&#8217;s Senior Members\"}]},{\"@type\":\"WebSite\",\"@id\":\"https:\/\/www.v-dala.se.hemsida.eu\/en\/#website\",\"url\":\"https:\/\/www.v-dala.se.hemsida.eu\/en\/\",\"name\":\"V-Dala nation\",\"description\":\"V\u00e4stmanlands-Dala Nation f\u00f6r Studenternas Nytta och N\u00f6je - sedan 1639\",\"potentialAction\":[{\"@type\":\"SearchAction\",\"target\":{\"@type\":\"EntryPoint\",\"urlTemplate\":\"https:\/\/www.v-dala.se.hemsida.eu\/en\/?s={search_term_string}\"},\"query-input\":\"required name=search_term_string\"}],\"inLanguage\":\"en-US\"}]}<\/script>\n<!-- \/ Yoast SEO plugin. -->","yoast_head_json":{"title":"The V-Dala Choir's Senior Members - V-Dala nation","description":"V-Dalak\u00f6rens seniorf\u00f6rening \u00e4r en f\u00f6rening f\u00f6r f\u00f6re detta k\u00f6rmedlemmar. Id\u00e9n med f\u00f6reningen \u00e4r i f\u00f6rsta hand att fungera som ett forum d\u00e4r gamla k\u00f6rare f\u00e5r tr\u00e4ffas men vi fungerar \u00e4ven som ett st\u00f6d f\u00f6r den aktiva k\u00f6ren. Varje \u00e5r arrangerar seniorf\u00f6reningen en \u00e5terv\u00e4ndarfest p\u00e5 V-Dala, som brukar \u00e4ga rum den f\u00f6rsta helgen i oktober.","robots":{"index":"index","follow":"follow","max-snippet":"max-snippet:-1","max-image-preview":"max-image-preview:large","max-video-preview":"max-video-preview:-1"},"canonical":"https:\/\/v-dala.se\/en\/membership\/aldre-lansman-v-dala-vanner\/v-dalakorens-seniorforening\/","og_locale":"en_US","og_type":"article","og_title":"The V-Dala Choir's Senior Members - V-Dala nation","og_description":"V-Dalak\u00f6rens seniorf\u00f6rening \u00e4r en f\u00f6rening f\u00f6r f\u00f6re detta k\u00f6rmedlemmar. Id\u00e9n med f\u00f6reningen \u00e4r i f\u00f6rsta hand att fungera som ett forum d\u00e4r gamla k\u00f6rare f\u00e5r tr\u00e4ffas men vi fungerar \u00e4ven som ett st\u00f6d f\u00f6r den aktiva k\u00f6ren. Varje \u00e5r arrangerar seniorf\u00f6reningen en \u00e5terv\u00e4ndarfest p\u00e5 V-Dala, som brukar \u00e4ga rum den f\u00f6rsta helgen i oktober.","og_url":"https:\/\/v-dala.se\/en\/membership\/aldre-lansman-v-dala-vanner\/v-dalakorens-seniorforening\/","og_site_name":"V-Dala nation","article_modified_time":"2014-06-10T11:50:01+00:00","twitter_card":"summary_large_image","twitter_misc":{"Est. reading time":"1 minute"},"schema":{"@context":"https:\/\/schema.org","@graph":[{"@type":"WebPage","@id":"https:\/\/v-dala.se\/en\/membership\/aldre-lansman-v-dala-vanner\/v-dalakorens-seniorforening\/","url":"https:\/\/v-dala.se\/en\/membership\/aldre-lansman-v-dala-vanner\/v-dalakorens-seniorforening\/","name":"The V-Dala Choir's Senior Members - V-Dala nation","isPartOf":{"@id":"https:\/\/www.v-dala.se.hemsida.eu\/en\/#website"},"datePublished":"2014-05-13T14:42:57+00:00","dateModified":"2014-06-10T11:50:01+00:00","description":"V-Dalak\u00f6rens seniorf\u00f6rening \u00e4r en f\u00f6rening f\u00f6r f\u00f6re detta k\u00f6rmedlemmar. Id\u00e9n med f\u00f6reningen \u00e4r i f\u00f6rsta hand att fungera som ett forum d\u00e4r gamla k\u00f6rare f\u00e5r tr\u00e4ffas men vi fungerar \u00e4ven som ett st\u00f6d f\u00f6r den aktiva k\u00f6ren. Varje \u00e5r arrangerar seniorf\u00f6reningen en \u00e5terv\u00e4ndarfest p\u00e5 V-Dala, som brukar \u00e4ga rum den f\u00f6rsta helgen i oktober.","breadcrumb":{"@id":"https:\/\/v-dala.se\/en\/membership\/aldre-lansman-v-dala-vanner\/v-dalakorens-seniorforening\/#breadcrumb"},"inLanguage":"en-US","potentialAction":[{"@type":"ReadAction","target":["https:\/\/v-dala.se\/en\/membership\/aldre-lansman-v-dala-vanner\/v-dalakorens-seniorforening\/"]}]},{"@type":"BreadcrumbList","@id":"https:\/\/v-dala.se\/en\/membership\/aldre-lansman-v-dala-vanner\/v-dalakorens-seniorforening\/#breadcrumb","itemListElement":[{"@type":"ListItem","position":1,"name":"Hem","item":"https:\/\/www.v-dala.se.hemsida.eu\/en\/"},{"@type":"ListItem","position":2,"name":"Membership","item":"https:\/\/www.v-dala.se.hemsida.eu\/en\/membership\/"},{"@type":"ListItem","position":3,"name":"Alumnus &#8211; V-Dala v\u00e4nner","item":"https:\/\/v-dala.se\/en\/membership\/aldre-lansman-v-dala-vanner\/"},{"@type":"ListItem","position":4,"name":"The V-Dala Choir&#8217;s Senior Members"}]},{"@type":"WebSite","@id":"https:\/\/www.v-dala.se.hemsida.eu\/en\/#website","url":"https:\/\/www.v-dala.se.hemsida.eu\/en\/","name":"V-Dala nation","description":"V\u00e4stmanlands-Dala Nation f\u00f6r Studenternas Nytta och N\u00f6je - sedan 1639","potentialAction":[{"@type":"SearchAction","target":{"@type":"EntryPoint","urlTemplate":"https:\/\/www.v-dala.se.hemsida.eu\/en\/?s={search_term_string}"},"query-input":"required name=search_term_string"}],"inLanguage":"en-US"}]}},"_links":{"self":[{"href":"https:\/\/v-dala.se\/en\/wp-json\/wp\/v2\/pages\/1359"}],"collection":[{"href":"https:\/\/v-dala.se\/en\/wp-json\/wp\/v2\/pages"}],"about":[{"href":"https:\/\/v-dala.se\/en\/wp-json\/wp\/v2\/types\/page"}],"author":[{"embeddable":true,"href":"https:\/\/v-dala.se\/en\/wp-json\/wp\/v2\/users\/7"}],"replies":[{"embeddable":true,"href":"https:\/\/v-dala.se\/en\/wp-json\/wp\/v2\/comments?post=1359"}],"version-history":[{"count":3,"href":"https:\/\/v-dala.se\/en\/wp-json\/wp\/v2\/pages\/1359\/revisions"}],"predecessor-version":[{"id":1630,"href":"https:\/\/v-dala.se\/en\/wp-json\/wp\/v2\/pages\/1359\/revisions\/1630"}],"up":[{"embeddable":true,"href":"https:\/\/v-dala.se\/en\/wp-json\/wp\/v2\/pages\/1214"}],"wp:attachment":[{"href":"https:\/\/v-dala.se\/en\/wp-json\/wp\/v2\/media?parent=1359"}],"curies":[{"name":"wp","href":"https:\/\/api.w.org\/{rel}","templated":true}]}}