{"id":1239,"date":"2014-05-12T17:18:00","date_gmt":"2014-05-12T15:18:00","guid":{"rendered":"http:\/\/vdala.fantasmo.se\/formaner\/personlig-radgivning\/"},"modified":"2022-11-10T14:18:35","modified_gmt":"2022-11-10T13:18:35","slug":"counselling","status":"publish","type":"page","link":"https:\/\/v-dala.se\/en\/benefits\/counselling\/","title":{"rendered":"Counselling"},"content":{"rendered":"<p style=\"color: #4f4f4f;\">The personal counselors are an important part of V-Dala. They are there to help our members if you have a problem which falls into their respective areas of expertise.<\/p>\n<p style=\"color: #4f4f4f;\">The Alcohol Counselor is the person to turn to if you are worried that you or a friend might have a problem with alcohol consumption.<\/p>\n<p style=\"color: #4f4f4f;\">The Equality Counselor is the person who deals with questions regarding harassment and discrimination at the nation. If you&#8217;ve been harassed or discriminated at the nation you can also contact the nation&#8217;s First curator and Second curator or the nation board&#8217;s committee for working environment and well-being.<\/p>\n<p style=\"color: #4f4f4f;\">The Nation Attorneys can help you if you get in trouble with the law or with any other legal issues.<\/p>\n<p style=\"color: #4f4f4f;\">The Chaplain is at your service to talk about nearly everything: life, love, religion&#8230; all the great questions, and the small ones, for that matter. A more thorough presentation of the Chaplain can be found here.<\/p>\n<p style=\"color: #4f4f4f;\">Contact our counselors <a href=\"\/en\/contacts\/#kontakta_Counseling\">here<\/a>.<\/p>\n","protected":false},"excerpt":{"rendered":"The personal counselors are an important part of V-Dala. They are there to help our members if you have a problem which falls into their respective areas of expertise. The Alcohol Counselor is the person to turn to if you are worried that you or a friend might have a problem with alcohol consumption. The&#8230;","protected":false},"author":7,"featured_media":0,"parent":1219,"menu_order":0,"comment_status":"open","ping_status":"open","template":"","meta":{"footnotes":""},"acf":[],"yoast_head":"<!-- This site is optimized with the Yoast SEO plugin v21.4 - https:\/\/yoast.com\/wordpress\/plugins\/seo\/ -->\n<title>Counselling - V-Dala nation<\/title>\n<meta name=\"robots\" content=\"index, follow, max-snippet:-1, max-image-preview:large, max-video-preview:-1\" \/>\n<link rel=\"canonical\" href=\"https:\/\/www.v-dala.se\/en\/benefits\/counselling\/\" \/>\n<meta property=\"og:locale\" content=\"en_US\" \/>\n<meta property=\"og:type\" content=\"article\" \/>\n<meta property=\"og:title\" content=\"Counselling - V-Dala nation\" \/>\n<meta property=\"og:url\" content=\"https:\/\/www.v-dala.se\/en\/benefits\/counselling\/\" \/>\n<meta property=\"og:site_name\" content=\"V-Dala nation\" \/>\n<meta property=\"article:modified_time\" content=\"2022-11-10T13:18:35+00:00\" \/>\n<meta name=\"twitter:card\" content=\"summary_large_image\" \/>\n<meta name=\"twitter:label1\" content=\"Est. reading time\" \/>\n\t<meta name=\"twitter:data1\" content=\"1 minute\" \/>\n<script type=\"application\/ld+json\" class=\"yoast-schema-graph\">{\"@context\":\"https:\/\/schema.org\",\"@graph\":[{\"@type\":\"WebPage\",\"@id\":\"https:\/\/www.v-dala.se\/en\/benefits\/counselling\/\",\"url\":\"https:\/\/www.v-dala.se\/en\/benefits\/counselling\/\",\"name\":\"Counselling - V-Dala nation\",\"isPartOf\":{\"@id\":\"https:\/\/v-dala.se\/#website\"},\"datePublished\":\"2014-05-12T15:18:00+00:00\",\"dateModified\":\"2022-11-10T13:18:35+00:00\",\"breadcrumb\":{\"@id\":\"https:\/\/www.v-dala.se\/en\/benefits\/counselling\/#breadcrumb\"},\"inLanguage\":\"en-US\",\"potentialAction\":[{\"@type\":\"ReadAction\",\"target\":[\"https:\/\/www.v-dala.se\/en\/benefits\/counselling\/\"]}]},{\"@type\":\"BreadcrumbList\",\"@id\":\"https:\/\/www.v-dala.se\/en\/benefits\/counselling\/#breadcrumb\",\"itemListElement\":[{\"@type\":\"ListItem\",\"position\":1,\"name\":\"Hem\",\"item\":\"https:\/\/mail.v-dala.se.hemsida.eu\/en\/\"},{\"@type\":\"ListItem\",\"position\":2,\"name\":\"Benefits\",\"item\":\"https:\/\/mail.v-dala.se\/en\/benefits\/\"},{\"@type\":\"ListItem\",\"position\":3,\"name\":\"Counselling\"}]},{\"@type\":\"WebSite\",\"@id\":\"https:\/\/v-dala.se\/#website\",\"url\":\"https:\/\/v-dala.se\/\",\"name\":\"V-Dala nation\",\"description\":\"V\u00e4stmanlands-Dala Nation f\u00f6r Studenternas Nytta och N\u00f6je - sedan 1639\",\"potentialAction\":[{\"@type\":\"SearchAction\",\"target\":{\"@type\":\"EntryPoint\",\"urlTemplate\":\"https:\/\/v-dala.se\/?s={search_term_string}\"},\"query-input\":\"required name=search_term_string\"}],\"inLanguage\":\"en-US\"}]}<\/script>\n<!-- \/ Yoast SEO plugin. -->","yoast_head_json":{"title":"Counselling - V-Dala nation","robots":{"index":"index","follow":"follow","max-snippet":"max-snippet:-1","max-image-preview":"max-image-preview:large","max-video-preview":"max-video-preview:-1"},"canonical":"https:\/\/www.v-dala.se\/en\/benefits\/counselling\/","og_locale":"en_US","og_type":"article","og_title":"Counselling - V-Dala nation","og_url":"https:\/\/www.v-dala.se\/en\/benefits\/counselling\/","og_site_name":"V-Dala nation","article_modified_time":"2022-11-10T13:18:35+00:00","twitter_card":"summary_large_image","twitter_misc":{"Est. reading time":"1 minute"},"schema":{"@context":"https:\/\/schema.org","@graph":[{"@type":"WebPage","@id":"https:\/\/www.v-dala.se\/en\/benefits\/counselling\/","url":"https:\/\/www.v-dala.se\/en\/benefits\/counselling\/","name":"Counselling - V-Dala nation","isPartOf":{"@id":"https:\/\/v-dala.se\/#website"},"datePublished":"2014-05-12T15:18:00+00:00","dateModified":"2022-11-10T13:18:35+00:00","breadcrumb":{"@id":"https:\/\/www.v-dala.se\/en\/benefits\/counselling\/#breadcrumb"},"inLanguage":"en-US","potentialAction":[{"@type":"ReadAction","target":["https:\/\/www.v-dala.se\/en\/benefits\/counselling\/"]}]},{"@type":"BreadcrumbList","@id":"https:\/\/www.v-dala.se\/en\/benefits\/counselling\/#breadcrumb","itemListElement":[{"@type":"ListItem","position":1,"name":"Hem","item":"https:\/\/mail.v-dala.se.hemsida.eu\/en\/"},{"@type":"ListItem","position":2,"name":"Benefits","item":"https:\/\/mail.v-dala.se\/en\/benefits\/"},{"@type":"ListItem","position":3,"name":"Counselling"}]},{"@type":"WebSite","@id":"https:\/\/v-dala.se\/#website","url":"https:\/\/v-dala.se\/","name":"V-Dala nation","description":"V\u00e4stmanlands-Dala Nation f\u00f6r Studenternas Nytta och N\u00f6je - sedan 1639","potentialAction":[{"@type":"SearchAction","target":{"@type":"EntryPoint","urlTemplate":"https:\/\/v-dala.se\/?s={search_term_string}"},"query-input":"required name=search_term_string"}],"inLanguage":"en-US"}]}},"_links":{"self":[{"href":"https:\/\/v-dala.se\/en\/wp-json\/wp\/v2\/pages\/1239"}],"collection":[{"href":"https:\/\/v-dala.se\/en\/wp-json\/wp\/v2\/pages"}],"about":[{"href":"https:\/\/v-dala.se\/en\/wp-json\/wp\/v2\/types\/page"}],"author":[{"embeddable":true,"href":"https:\/\/v-dala.se\/en\/wp-json\/wp\/v2\/users\/7"}],"replies":[{"embeddable":true,"href":"https:\/\/v-dala.se\/en\/wp-json\/wp\/v2\/comments?post=1239"}],"version-history":[{"count":14,"href":"https:\/\/v-dala.se\/en\/wp-json\/wp\/v2\/pages\/1239\/revisions"}],"predecessor-version":[{"id":31942,"href":"https:\/\/v-dala.se\/en\/wp-json\/wp\/v2\/pages\/1239\/revisions\/31942"}],"up":[{"embeddable":true,"href":"https:\/\/v-dala.se\/en\/wp-json\/wp\/v2\/pages\/1219"}],"wp:attachment":[{"href":"https:\/\/v-dala.se\/en\/wp-json\/wp\/v2\/media?parent=1239"}],"curies":[{"name":"wp","href":"https:\/\/api.w.org\/{rel}","templated":true}]}}